{"id":2616,"date":"2026-02-20T13:29:10","date_gmt":"2026-02-20T11:29:10","guid":{"rendered":"https:\/\/riekkolodge.com\/?page_id=2616"},"modified":"2026-02-20T13:49:14","modified_gmt":"2026-02-20T11:49:14","slug":"ukk","status":"publish","type":"page","link":"https:\/\/riekkolodge.com\/fi\/faq\/","title":{"rendered":"UKK"},"content":{"rendered":"<div data-elementor-type=\"wp-page\" data-elementor-id=\"2616\" class=\"elementor elementor-2616\" data-elementor-post-type=\"page\">\n\t\t\t\t<div data-particle_enable=\"false\" data-particle-mobile-disabled=\"false\" class=\"elementor-element elementor-element-0a40530 e-con-full e-flex e-con e-parent\" data-id=\"0a40530\" data-element_type=\"container\" data-e-type=\"container\">\n\t\t<div data-particle_enable=\"false\" data-particle-mobile-disabled=\"false\" class=\"elementor-element elementor-element-4ab9d1e e-con-full e-flex e-con e-child\" data-id=\"4ab9d1e\" data-element_type=\"container\" data-e-type=\"container\" data-settings=\"{&quot;background_background&quot;:&quot;classic&quot;}\">\n\t\t<div data-particle_enable=\"false\" data-particle-mobile-disabled=\"false\" class=\"elementor-element elementor-element-38f1d27 e-con-full e-flex e-con e-child\" data-id=\"38f1d27\" data-element_type=\"container\" data-e-type=\"container\">\n\t\t\t\t<div class=\"elementor-element elementor-element-82025b6 elementor-widget elementor-widget-image\" data-id=\"82025b6\" data-element_type=\"widget\" data-e-type=\"widget\" data-widget_type=\"image.default\">\n\t\t\t\t<div class=\"elementor-widget-container\">\n\t\t\t\t\t\t\t\t\t\t\t\t\t\t\t<img fetchpriority=\"high\" decoding=\"async\" width=\"414\" height=\"347\" src=\"https:\/\/riekkolodge.com\/wp-content\/uploads\/2025\/10\/Riekko_symbol_RGB_Korppi.svg\" class=\"attachment-large size-large wp-image-1932\" alt=\"Riekko Lodge - Majoitus Lapissa, Suomi - Majoitus Lapissa, Suomi\">\t\t\t\t\t\t\t\t\t\t\t\t\t\t\t<\/div>\n\t\t\t\t<\/div>\n\t\t\t\t<\/div>\n\t\t<div data-particle_enable=\"false\" data-particle-mobile-disabled=\"false\" class=\"elementor-element elementor-element-237d8b3 e-con-full e-flex e-con e-child\" data-id=\"237d8b3\" data-element_type=\"container\" data-e-type=\"container\">\n\t\t\t\t<div class=\"elementor-element elementor-element-d4a8d4e elementor-widget-mobile__width-initial elementor-widget__width-initial elementor-widget-laptop__width-initial elementor-widget elementor-widget-heading\" data-id=\"d4a8d4e\" data-element_type=\"widget\" data-e-type=\"widget\" data-widget_type=\"heading.default\">\n\t\t\t\t<div class=\"elementor-widget-container\">\n\t\t\t\t\t<h1 class=\"elementor-heading-title elementor-size-default\">UKK<\/h1>\t\t\t\t<\/div>\n\t\t\t\t<\/div>\n\t\t\t\t<div class=\"elementor-element elementor-element-f40b769 elementor-widget-mobile__width-initial elementor-widget__width-initial elementor-widget-laptop__width-initial elementor-widget elementor-widget-heading\" data-id=\"f40b769\" data-element_type=\"widget\" data-e-type=\"widget\" data-widget_type=\"heading.default\">\n\t\t\t\t<div class=\"elementor-widget-container\">\n\t\t\t\t\t<h2 class=\"elementor-heading-title elementor-size-default\">Vastaukset usein kysyttyihin kysymyksiin<\/h2>\t\t\t\t<\/div>\n\t\t\t\t<\/div>\n\t\t\t\t<div class=\"elementor-element elementor-element-12adda5 elementor-widget elementor-widget-toggle\" data-id=\"12adda5\" data-element_type=\"widget\" data-e-type=\"widget\" data-widget_type=\"toggle.default\">\n\t\t\t\t<div class=\"elementor-widget-container\">\n\t\t\t\t\t\t\t<div class=\"elementor-toggle\">\n\t\t\t\t\t\t\t<div class=\"elementor-toggle-item\">\n\t\t\t\t\t<h2 id=\"elementor-tab-title-1951\" class=\"elementor-tab-title\" data-tab=\"1\" role=\"button\" aria-controls=\"elementor-tab-content-1951\" aria-expanded=\"false\">\n\t\t\t\t\t\t\t\t\t\t\t\t<a class=\"elementor-toggle-title\" tabindex=\"0\">Miss\u00e4 Riekko Lodge sijaitsee?<\/a>\n\t\t\t\t\t<\/h2>\n\n\t\t\t\t\t<div id=\"elementor-tab-content-1951\" class=\"elementor-tab-content elementor-clearfix\" data-tab=\"1\" role=\"region\" aria-labelledby=\"elementor-tab-title-1951\"><p><span data-contrast=\"auto\">Riekko Lodge sijaitsee luonnonkauniilla alueella \u00c4k\u00e4sjoen varrella, aivan Pallas-Yll\u00e4stunturin kansallispuiston vieress\u00e4.<\/span><span data-ccp-props=\"{}\">\u00a0<\/span><\/p><p><span style=\"text-decoration: underline; color: #000000;\"><a style=\"color: #000000; text-decoration: underline;\" href=\"https:\/\/riekkolodge.com\/fi\/#location\">Katso tarkempi kartta t\u00e4\u00e4lt\u00e4<\/a><\/span><\/p><\/div>\n\t\t\t\t<\/div>\n\t\t\t\t\t\t\t<div class=\"elementor-toggle-item\">\n\t\t\t\t\t<h2 id=\"elementor-tab-title-1952\" class=\"elementor-tab-title\" data-tab=\"2\" role=\"button\" aria-controls=\"elementor-tab-content-1952\" aria-expanded=\"false\">\n\t\t\t\t\t\t\t\t\t\t\t\t<a class=\"elementor-toggle-title\" tabindex=\"0\">Miten p\u00e4\u00e4sen Riekko Lodgelle?<\/a>\n\t\t\t\t\t<\/h2>\n\n\t\t\t\t\t<div id=\"elementor-tab-content-1952\" class=\"elementor-tab-content elementor-clearfix\" data-tab=\"2\" role=\"region\" aria-labelledby=\"elementor-tab-title-1952\"><p><span data-contrast=\"auto\">Vaikka ymp\u00e4rill\u00e4 on er\u00e4maata, \u00c4k\u00e4slompolon kyl\u00e4 on vain 5 kilometrin p\u00e4\u00e4ss\u00e4. My\u00f6s Kittil\u00e4n lentokent\u00e4lle (55 km) ja Kolarin rautatieasemalle (40 km) p\u00e4\u00e4see helposti julkisilla, joten sek\u00e4 perille saapuminen ett\u00e4 alueeseen tutustuminen on vaivatonta.<\/span><span data-ccp-props=\"{}\">\u00a0<\/span><\/p><p><span style=\"text-decoration: underline; color: #000000;\"><a style=\"color: #000000; text-decoration: underline;\" href=\"https:\/\/maps.app.goo.gl\/SivbWJnwJg4Y6Sgp7\" target=\"_blank\" rel=\"noopener\">Google Maps -linkki Riekko Lodgelle \u00f6ytyy t\u00e4\u00e4lt\u00e4.<\/a><\/span><\/p><\/div>\n\t\t\t\t<\/div>\n\t\t\t\t\t\t\t<div class=\"elementor-toggle-item\">\n\t\t\t\t\t<h2 id=\"elementor-tab-title-1953\" class=\"elementor-tab-title\" data-tab=\"3\" role=\"button\" aria-controls=\"elementor-tab-content-1953\" aria-expanded=\"false\">\n\t\t\t\t\t\t\t\t\t\t\t\t<a class=\"elementor-toggle-title\" tabindex=\"0\">Kuinka monta vierasta voi y\u00f6py\u00e4 yhdess\u00e4 huvilassa?<\/a>\n\t\t\t\t\t<\/h2>\n\n\t\t\t\t\t<div id=\"elementor-tab-content-1953\" class=\"elementor-tab-content elementor-clearfix\" data-tab=\"3\" role=\"region\" aria-labelledby=\"elementor-tab-title-1953\"><p>Yleens\u00e4 1-5 tai 1-7, mutta se riippuu huvilasta. N\u00e4et kaikki saatavilla olevat majoitusvaihtoehdot <span style=\"text-decoration: underline;\"><span style=\"color: #000000;\"><a style=\"color: #000000; text-decoration: underline;\" href=\"https:\/\/app.moder.fi\/riekko-lodge?lang=fi\" target=\"_blank\" rel=\"noopener\">varaussivultamme t\u00e4\u00e4ll\u00e4.<\/a><\/span><\/span><\/p><\/div>\n\t\t\t\t<\/div>\n\t\t\t\t\t\t\t<div class=\"elementor-toggle-item\">\n\t\t\t\t\t<h2 id=\"elementor-tab-title-1954\" class=\"elementor-tab-title\" data-tab=\"4\" role=\"button\" aria-controls=\"elementor-tab-content-1954\" aria-expanded=\"false\">\n\t\t\t\t\t\t\t\t\t\t\t\t<a class=\"elementor-toggle-title\" tabindex=\"0\">Mist\u00e4 l\u00f6yd\u00e4n Riekko Lodgen hinnat?<\/a>\n\t\t\t\t\t<\/h2>\n\n\t\t\t\t\t<div id=\"elementor-tab-content-1954\" class=\"elementor-tab-content elementor-clearfix\" data-tab=\"4\" role=\"region\" aria-labelledby=\"elementor-tab-title-1954\"><p>Kaikki majoitushinnat ovat saatavilla verkossa verkkosivujemme kautta. Varausj\u00e4rjestelm\u00e4 n\u00e4ytt\u00e4\u00e4 aina ajantasaisen saatavuuden ja hinnoittelun.<\/p><\/div>\n\t\t\t\t<\/div>\n\t\t\t\t\t\t\t<div class=\"elementor-toggle-item\">\n\t\t\t\t\t<h2 id=\"elementor-tab-title-1955\" class=\"elementor-tab-title\" data-tab=\"5\" role=\"button\" aria-controls=\"elementor-tab-content-1955\" aria-expanded=\"false\">\n\t\t\t\t\t\t\t\t\t\t\t\t<a class=\"elementor-toggle-title\" tabindex=\"0\">Tarjoaako Riekko Lodge s\u00e4hk\u00f6autojen latausta?<\/a>\n\t\t\t\t\t<\/h2>\n\n\t\t\t\t\t<div id=\"elementor-tab-content-1955\" class=\"elementor-tab-content elementor-clearfix\" data-tab=\"5\" role=\"region\" aria-labelledby=\"elementor-tab-title-1955\"><p>Kyll\u00e4. Jokaisella huvilalla on oma latauspiste, joka on varattu vieraillemme. Lis\u00e4tietoja on n\u00e4ht\u00e4viss\u00e4 online-varausj\u00e4rjestelm\u00e4ss\u00e4mme.\u00a0<\/p><\/div>\n\t\t\t\t<\/div>\n\t\t\t\t\t\t\t<div class=\"elementor-toggle-item\">\n\t\t\t\t\t<h2 id=\"elementor-tab-title-1956\" class=\"elementor-tab-title\" data-tab=\"6\" role=\"button\" aria-controls=\"elementor-tab-content-1956\" aria-expanded=\"false\">\n\t\t\t\t\t\t\t\t\t\t\t\t<a class=\"elementor-toggle-title\" tabindex=\"0\">Onko huviloissa \u00e4lytelevisioita?<\/a>\n\t\t\t\t\t<\/h2>\n\n\t\t\t\t\t<div id=\"elementor-tab-content-1956\" class=\"elementor-tab-content elementor-clearfix\" data-tab=\"6\" role=\"region\" aria-labelledby=\"elementor-tab-title-1956\"><p>Kyll\u00e4, kaikissa huviloissa on \u00e4lytelevisio.<\/p><\/div>\n\t\t\t\t<\/div>\n\t\t\t\t\t\t\t<div class=\"elementor-toggle-item\">\n\t\t\t\t\t<h2 id=\"elementor-tab-title-1957\" class=\"elementor-tab-title\" data-tab=\"7\" role=\"button\" aria-controls=\"elementor-tab-content-1957\" aria-expanded=\"false\">\n\t\t\t\t\t\t\t\t\t\t\t\t<a class=\"elementor-toggle-title\" tabindex=\"0\">Onko l\u00e4hell\u00e4 hiihtolatu?<\/a>\n\t\t\t\t\t<\/h2>\n\n\t\t\t\t\t<div id=\"elementor-tab-content-1957\" class=\"elementor-tab-content elementor-clearfix\" data-tab=\"7\" role=\"region\" aria-labelledby=\"elementor-tab-title-1957\"><p>Kyll\u00e4. \u00c4k\u00e4slompolon hiihtoladut ovat l\u00e4hell\u00e4 Riekko Lodgea, joten p\u00e4\u00e4set helposti tuntureille ja ymp\u00e4r\u00f6iv\u00e4\u00e4n luontoon.<\/p><\/div>\n\t\t\t\t<\/div>\n\t\t\t\t\t\t\t<div class=\"elementor-toggle-item\">\n\t\t\t\t\t<h2 id=\"elementor-tab-title-1958\" class=\"elementor-tab-title\" data-tab=\"8\" role=\"button\" aria-controls=\"elementor-tab-content-1958\" aria-expanded=\"false\">\n\t\t\t\t\t\t\t\t\t\t\t\t<a class=\"elementor-toggle-title\" tabindex=\"0\">Kuinka kaukana on l\u00e4hin hiihtokeskus?<\/a>\n\t\t\t\t\t<\/h2>\n\n\t\t\t\t\t<div id=\"elementor-tab-content-1958\" class=\"elementor-tab-content elementor-clearfix\" data-tab=\"8\" role=\"region\" aria-labelledby=\"elementor-tab-title-1958\"><p>L\u00e4himm\u00e4t rinteet ovat noin 11,4 km:n p\u00e4\u00e4ss\u00e4, ja ne sijaitsevat \u00c4k\u00e4slompolo-puolella Yll\u00e4s Ski Resort Northissa. Yll\u00e4ksen hiihtokeskuksen etel\u00e4puolelle p\u00e4\u00e4see my\u00f6s laskettelurinteen toiselta puolelta ja pohjoispuolen hissien kautta.<\/p><\/div>\n\t\t\t\t<\/div>\n\t\t\t\t\t\t\t<div class=\"elementor-toggle-item\">\n\t\t\t\t\t<h2 id=\"elementor-tab-title-1959\" class=\"elementor-tab-title\" data-tab=\"9\" role=\"button\" aria-controls=\"elementor-tab-content-1959\" aria-expanded=\"false\">\n\t\t\t\t\t\t\t\t\t\t\t\t<a class=\"elementor-toggle-title\" tabindex=\"0\">Pit\u00e4\u00e4k\u00f6 minun varata p\u00f6yt\u00e4 ravintolasta, jos majoitun huvilassa?<\/a>\n\t\t\t\t\t<\/h2>\n\n\t\t\t\t\t<div id=\"elementor-tab-content-1959\" class=\"elementor-tab-content elementor-clearfix\" data-tab=\"9\" role=\"region\" aria-labelledby=\"elementor-tab-title-1959\"><p>Lis\u00e4\u00e4 tietoa tulossa pian.<\/p><\/div>\n\t\t\t\t<\/div>\n\t\t\t\t\t\t\t<div class=\"elementor-toggle-item\">\n\t\t\t\t\t<h2 id=\"elementor-tab-title-19510\" class=\"elementor-tab-title\" data-tab=\"10\" role=\"button\" aria-controls=\"elementor-tab-content-19510\" aria-expanded=\"false\">\n\t\t\t\t\t\t\t\t\t\t\t\t<a class=\"elementor-toggle-title\" tabindex=\"0\">Miten voin ottaa yhteytt\u00e4 Riekko Lodgeen saadakseni lis\u00e4tietoja?<\/a>\n\t\t\t\t\t<\/h2>\n\n\t\t\t\t\t<div id=\"elementor-tab-content-19510\" class=\"elementor-tab-content elementor-clearfix\" data-tab=\"10\" role=\"region\" aria-labelledby=\"elementor-tab-title-19510\"><p>L\u00f6yd\u00e4t Riekko Lodgen yhteystiedot ja aukioloaikamme osoitteesta <span style=\"text-decoration: underline; color: #000000;\"><a style=\"color: #000000; text-decoration: underline;\" href=\"https:\/\/riekkolodge.com\/fi\/aukioloajat\/\">t\u00e4lt\u00e4 Aukioloajat-sivulta.<\/a><\/span><\/p><\/div>\n\t\t\t\t<\/div>\n\t\t\t\t\t\t\t\t<\/div>\n\t\t\t\t\t\t<\/div>\n\t\t\t\t<\/div>\n\t\t\t\t<div class=\"elementor-element elementor-element-628d3db elementor-widget-mobile__width-initial elementor-widget__width-initial elementor-widget-laptop__width-initial elementor-widget elementor-widget-heading\" data-id=\"628d3db\" data-element_type=\"widget\" data-e-type=\"widget\" data-widget_type=\"heading.default\">\n\t\t\t\t<div class=\"elementor-widget-container\">\n\t\t\t\t\t<h2 class=\"elementor-heading-title elementor-size-default\">Katso my\u00f6s<\/h2>\t\t\t\t<\/div>\n\t\t\t\t<\/div>\n\t\t\t\t<\/div>\n\t\t<div data-particle_enable=\"false\" data-particle-mobile-disabled=\"false\" class=\"elementor-element elementor-element-3a28e64 e-con-full e-flex e-con e-child\" data-id=\"3a28e64\" data-element_type=\"container\" data-e-type=\"container\">\n\t\t\t\t<div class=\"elementor-element elementor-element-d0e675c elementor-align-center elementor-invisible elementor-widget elementor-widget-button\" data-id=\"d0e675c\" data-element_type=\"widget\" data-e-type=\"widget\" data-settings=\"{&quot;_animation&quot;:&quot;fadeIn&quot;}\" data-widget_type=\"button.default\">\n\t\t\t\t<div class=\"elementor-widget-container\">\n\t\t\t\t\t\t\t\t\t<div class=\"elementor-button-wrapper\">\n\t\t\t\t\t<a class=\"elementor-button elementor-button-link elementor-size-sm\" href=\"https:\/\/riekkolodge.com\/fi\/majoitus\/\" target=\"_blank\">\n\t\t\t\t\t\t<span class=\"elementor-button-content-wrapper\">\n\t\t\t\t\t\t\t\t\t<span class=\"elementor-button-text\">Majoitus<\/span>\n\t\t\t\t\t<\/span>\n\t\t\t\t\t<\/a>\n\t\t\t\t<\/div>\n\t\t\t\t\t\t\t\t<\/div>\n\t\t\t\t<\/div>\n\t\t\t\t<div class=\"elementor-element elementor-element-0d263c3 elementor-align-center elementor-invisible elementor-widget elementor-widget-button\" data-id=\"0d263c3\" data-element_type=\"widget\" data-e-type=\"widget\" data-settings=\"{&quot;_animation&quot;:&quot;fadeIn&quot;,&quot;_animation_delay&quot;:100}\" data-widget_type=\"button.default\">\n\t\t\t\t<div class=\"elementor-widget-container\">\n\t\t\t\t\t\t\t\t\t<div class=\"elementor-button-wrapper\">\n\t\t\t\t\t<a class=\"elementor-button elementor-button-link elementor-size-sm\" href=\"https:\/\/riekkolodge.com\/fi\/bistro-riekko\/\" target=\"_blank\">\n\t\t\t\t\t\t<span class=\"elementor-button-content-wrapper\">\n\t\t\t\t\t\t\t\t\t<span class=\"elementor-button-text\">Ravintola<\/span>\n\t\t\t\t\t<\/span>\n\t\t\t\t\t<\/a>\n\t\t\t\t<\/div>\n\t\t\t\t\t\t\t\t<\/div>\n\t\t\t\t<\/div>\n\t\t\t\t<\/div>\n\t\t\t\t<\/div>\n\t\t\t\t<\/div>\n\t\t\t\t<\/div>","protected":false},"excerpt":{"rendered":"<p>FAQ Frequently asked questions answered Where is Riekko Lodge located? Riekko Lodge is situated on a scenic hillside along the \u00c4k\u00e4sjoki River, right next to Pallas\u2013Yll\u00e4stunturi National Park.\u00a0 See more detailed map here How to get to Riekko Lodge? Although surrounded by Arctic wilderness, the village of \u00c4k\u00e4slompolo is just 5 km away. Additionally, Kittil\u00e4 [&hellip;]<\/p>\n","protected":false},"author":1,"featured_media":0,"parent":0,"menu_order":0,"comment_status":"closed","ping_status":"closed","template":"","meta":{"footnotes":""},"class_list":["post-2616","page","type-page","status-publish","hentry"],"_links":{"self":[{"href":"https:\/\/riekkolodge.com\/fi\/wp-json\/wp\/v2\/pages\/2616","targetHints":{"allow":["GET"]}}],"collection":[{"href":"https:\/\/riekkolodge.com\/fi\/wp-json\/wp\/v2\/pages"}],"about":[{"href":"https:\/\/riekkolodge.com\/fi\/wp-json\/wp\/v2\/types\/page"}],"author":[{"embeddable":true,"href":"https:\/\/riekkolodge.com\/fi\/wp-json\/wp\/v2\/users\/1"}],"replies":[{"embeddable":true,"href":"https:\/\/riekkolodge.com\/fi\/wp-json\/wp\/v2\/comments?post=2616"}],"version-history":[{"count":28,"href":"https:\/\/riekkolodge.com\/fi\/wp-json\/wp\/v2\/pages\/2616\/revisions"}],"predecessor-version":[{"id":2649,"href":"https:\/\/riekkolodge.com\/fi\/wp-json\/wp\/v2\/pages\/2616\/revisions\/2649"}],"wp:attachment":[{"href":"https:\/\/riekkolodge.com\/fi\/wp-json\/wp\/v2\/media?parent=2616"}],"curies":[{"name":"wp","href":"https:\/\/api.w.org\/{rel}","templated":true}]}}