{"id":2209,"date":"2025-11-03T16:07:48","date_gmt":"2025-11-03T14:07:48","guid":{"rendered":"https:\/\/riekkolodge.com\/?page_id=2209"},"modified":"2026-04-16T16:57:37","modified_gmt":"2026-04-16T13:57:37","slug":"aukioloajat","status":"publish","type":"page","link":"https:\/\/riekkolodge.com\/fi\/opening-hours\/","title":{"rendered":"Aukioloajat"},"content":{"rendered":"<div data-elementor-type=\"wp-page\" data-elementor-id=\"2209\" class=\"elementor elementor-2209\" data-elementor-post-type=\"page\">\n\t\t\t\t<div data-particle_enable=\"false\" data-particle-mobile-disabled=\"false\" class=\"elementor-element elementor-element-0a40530 e-con-full e-flex e-con e-parent\" data-id=\"0a40530\" data-element_type=\"container\" data-e-type=\"container\">\n\t\t<div data-particle_enable=\"false\" data-particle-mobile-disabled=\"false\" class=\"elementor-element elementor-element-4ab9d1e e-con-full e-flex e-con e-child\" data-id=\"4ab9d1e\" data-element_type=\"container\" data-e-type=\"container\" data-settings=\"{&quot;background_background&quot;:&quot;classic&quot;}\">\n\t\t<div data-particle_enable=\"false\" data-particle-mobile-disabled=\"false\" class=\"elementor-element elementor-element-38f1d27 e-con-full e-flex e-con e-child\" data-id=\"38f1d27\" data-element_type=\"container\" data-e-type=\"container\">\n\t\t\t\t<div class=\"elementor-element elementor-element-82025b6 elementor-widget elementor-widget-image\" data-id=\"82025b6\" data-element_type=\"widget\" data-e-type=\"widget\" data-widget_type=\"image.default\">\n\t\t\t\t<div class=\"elementor-widget-container\">\n\t\t\t\t\t\t\t\t\t\t\t\t\t\t\t<img fetchpriority=\"high\" decoding=\"async\" width=\"414\" height=\"347\" src=\"https:\/\/riekkolodge.com\/wp-content\/uploads\/2025\/10\/Riekko_symbol_RGB_Korppi.svg\" class=\"attachment-large size-large wp-image-1932\" alt=\"Riekko Lodge - Majoitus Lapissa, Suomi - Majoitus Lapissa, Suomi\">\t\t\t\t\t\t\t\t\t\t\t\t\t\t\t<\/div>\n\t\t\t\t<\/div>\n\t\t\t\t<\/div>\n\t\t<div data-particle_enable=\"false\" data-particle-mobile-disabled=\"false\" class=\"elementor-element elementor-element-237d8b3 e-con-full e-flex e-con e-child\" data-id=\"237d8b3\" data-element_type=\"container\" data-e-type=\"container\">\n\t\t\t\t<div class=\"elementor-element elementor-element-d4a8d4e elementor-widget-mobile__width-initial elementor-widget__width-initial elementor-widget-laptop__width-initial elementor-widget elementor-widget-heading\" data-id=\"d4a8d4e\" data-element_type=\"widget\" data-e-type=\"widget\" data-widget_type=\"heading.default\">\n\t\t\t\t<div class=\"elementor-widget-container\">\n\t\t\t\t\t<h1 class=\"elementor-heading-title elementor-size-default\">Aukioloajat<\/h1>\t\t\t\t<\/div>\n\t\t\t\t<\/div>\n\t\t\t\t<div class=\"elementor-element elementor-element-f40b769 elementor-widget-mobile__width-initial elementor-widget__width-initial elementor-widget-laptop__width-initial elementor-widget elementor-widget-heading\" data-id=\"f40b769\" data-element_type=\"widget\" data-e-type=\"widget\" data-widget_type=\"heading.default\">\n\t\t\t\t<div class=\"elementor-widget-container\">\n\t\t\t\t\t<h2 class=\"elementor-heading-title elementor-size-default\">Vastaanotto<\/h2>\t\t\t\t<\/div>\n\t\t\t\t<\/div>\n\t\t\t\t<div class=\"elementor-element elementor-element-e17e742 elementor-widget__width-initial elementor-widget-laptop__width-initial elementor-widget-tablet__width-initial elementor-widget-mobile__width-initial elementor-invisible elementor-widget elementor-widget-text-editor\" data-id=\"e17e742\" data-element_type=\"widget\" data-e-type=\"widget\" data-settings=\"{&quot;_animation&quot;:&quot;fadeIn&quot;,&quot;_animation_delay&quot;:200}\" data-widget_type=\"text-editor.default\">\n\t\t\t\t<div class=\"elementor-widget-container\">\n\t\t\t\t\t\t\t\t\t<p><strong>Vastaanotto<\/strong><\/p><p>P\u00e4ivitt\u00e4in 7.30 - 22.00<\/p><p><strong>Myyntitoimisto<\/strong><\/p><p>ma - pe: 9.00 - 16.00<\/p>\t\t\t\t\t\t\t\t<\/div>\n\t\t\t\t<\/div>\n\t\t\t\t<div class=\"elementor-element elementor-element-628d3db elementor-widget-mobile__width-initial elementor-widget__width-initial elementor-widget-laptop__width-initial elementor-widget elementor-widget-heading\" data-id=\"628d3db\" data-element_type=\"widget\" data-e-type=\"widget\" data-widget_type=\"heading.default\">\n\t\t\t\t<div class=\"elementor-widget-container\">\n\t\t\t\t\t<h2 class=\"elementor-heading-title elementor-size-default\">Ravintola<\/h2>\t\t\t\t<\/div>\n\t\t\t\t<\/div>\n\t\t\t\t<div class=\"elementor-element elementor-element-f4370d8 elementor-widget__width-initial elementor-widget-laptop__width-initial elementor-widget-tablet__width-initial elementor-widget-mobile__width-initial elementor-invisible elementor-widget elementor-widget-text-editor\" data-id=\"f4370d8\" data-element_type=\"widget\" data-e-type=\"widget\" data-settings=\"{&quot;_animation&quot;:&quot;fadeIn&quot;,&quot;_animation_delay&quot;:200}\" data-widget_type=\"text-editor.default\">\n\t\t\t\t<div class=\"elementor-widget-container\">\n\t\t\t\t\t\t\t\t\t<div class=\"elementToProof\" data-ogsc=\"rgb(0, 0, 0)\">Ravintolamme Bistro Riekko palvelee seuraavasti:<\/div><div class=\"elementToProof\" data-ogsc=\"rgb(0, 0, 0)\"><strong>Aamiainen <\/strong>p\u00e4ivitt\u00e4in 08.00 \u2013 10.30<br \/>(aamiainen tarjoillaan viel\u00e4 27.4.)<\/div><div class=\"elementToProof\" data-ogsc=\"rgb(0, 0, 0)\"><strong>Illallinen <\/strong>Ma-la 17.00 \u2013 22.30 (viimeiset tilaukset 22.00)<\/div><div class=\"elementToProof\" data-ogsc=\"rgb(0, 0, 0)\"><strong>Baari <\/strong>Ma \u2013 la 17.00 \u2013 22.30<\/div>\t\t\t\t\t\t\t\t<\/div>\n\t\t\t\t<\/div>\n\t\t\t\t<div class=\"elementor-element elementor-element-f3cf455 elementor-widget__width-initial elementor-widget-laptop__width-initial elementor-widget-tablet__width-initial elementor-widget-mobile__width-initial elementor-invisible elementor-widget elementor-widget-text-editor\" data-id=\"f3cf455\" data-element_type=\"widget\" data-e-type=\"widget\" data-settings=\"{&quot;_animation&quot;:&quot;fadeIn&quot;,&quot;_animation_delay&quot;:200}\" data-widget_type=\"text-editor.default\">\n\t\t\t\t<div class=\"elementor-widget-container\">\n\t\t\t\t\t\t\t\t\t<div data-ogsc=\"rgb(0, 0, 0)\"><strong>KAUSITTAISET KIINNIOLOAJAT 2026<\/strong><\/div><div data-ogsc=\"rgb(0, 0, 0)\">\u00a0<\/div><div data-ogsc=\"rgb(0, 0, 0)\">Riekko Lodge (majoitus-, vastaanotto- ja ravintolapalvelut)<\/div><div data-ogsc=\"rgb(0, 0, 0)\">Riekko Lodge on suljettu 27.4.\u201317.6.2026. Toivotamme teid\u00e4t l\u00e4mpim\u00e4sti tervetulleiksi j\u00e4lleen 18.6.2026 alkaen.<\/div><div data-ogsc=\"rgb(0, 0, 0)\">Myyntipalvelu palvelee ma - pe klo 9:00 - 16:00.<\/div><div data-ogsc=\"rgb(0, 0, 0)\">\u00a0<\/div><div data-ogsc=\"rgb(0, 0, 0)\">Bistro Riekko (ravintolapalvelut)<\/div><div data-ogsc=\"rgb(0, 0, 0)\">Ravintolamme on suljettuna seuraavina ajankohtina:<\/div><ul data-editing-info=\"{&quot;applyListStyleFromLevel&quot;:true}\"><li data-ogsc=\"rgb(0, 0, 0)\"><div role=\"presentation\">18.6.\u20133.9.2026<\/div><\/li><li data-ogsc=\"rgb(0, 0, 0)\"><div role=\"presentation\">28.9.\u201312.11.2026<\/div><\/li><\/ul><div data-ogsc=\"rgb(0, 0, 0)\">N\u00e4in\u00e4 aikoina aamiainen, lounas ja illallinen eiv\u00e4t ole saatavilla. My\u00f6s vastaanottomme palvelee tavanomaista rajoitetummin (tarkemmat ajat vahvistetaan my\u00f6hemmin).<\/div>\t\t\t\t\t\t\t\t<\/div>\n\t\t\t\t<\/div>\n\t\t<div data-particle_enable=\"false\" data-particle-mobile-disabled=\"false\" class=\"elementor-element elementor-element-3a28e64 e-con-full e-flex e-con e-child\" data-id=\"3a28e64\" data-element_type=\"container\" data-e-type=\"container\">\n\t\t\t\t<div class=\"elementor-element elementor-element-d0e675c elementor-align-center elementor-invisible elementor-widget elementor-widget-button\" data-id=\"d0e675c\" data-element_type=\"widget\" data-e-type=\"widget\" data-settings=\"{&quot;_animation&quot;:&quot;fadeIn&quot;}\" data-widget_type=\"button.default\">\n\t\t\t\t<div class=\"elementor-widget-container\">\n\t\t\t\t\t\t\t\t\t<div class=\"elementor-button-wrapper\">\n\t\t\t\t\t<a class=\"elementor-button elementor-button-link elementor-size-sm\" href=\"https:\/\/riekkolodge.com\/fi\/majoitus\/\" target=\"_blank\">\n\t\t\t\t\t\t<span class=\"elementor-button-content-wrapper\">\n\t\t\t\t\t\t\t\t\t<span class=\"elementor-button-text\">Majoitus<\/span>\n\t\t\t\t\t<\/span>\n\t\t\t\t\t<\/a>\n\t\t\t\t<\/div>\n\t\t\t\t\t\t\t\t<\/div>\n\t\t\t\t<\/div>\n\t\t\t\t<div class=\"elementor-element elementor-element-0d263c3 elementor-align-center elementor-invisible elementor-widget elementor-widget-button\" data-id=\"0d263c3\" data-element_type=\"widget\" data-e-type=\"widget\" data-settings=\"{&quot;_animation&quot;:&quot;fadeIn&quot;,&quot;_animation_delay&quot;:100}\" data-widget_type=\"button.default\">\n\t\t\t\t<div class=\"elementor-widget-container\">\n\t\t\t\t\t\t\t\t\t<div class=\"elementor-button-wrapper\">\n\t\t\t\t\t<a class=\"elementor-button elementor-button-link elementor-size-sm\" href=\"https:\/\/riekkolodge.com\/fi\/bistro-riekko\/\" target=\"_blank\">\n\t\t\t\t\t\t<span class=\"elementor-button-content-wrapper\">\n\t\t\t\t\t\t\t\t\t<span class=\"elementor-button-text\">Ravintola<\/span>\n\t\t\t\t\t<\/span>\n\t\t\t\t\t<\/a>\n\t\t\t\t<\/div>\n\t\t\t\t\t\t\t\t<\/div>\n\t\t\t\t<\/div>\n\t\t\t\t<\/div>\n\t\t\t\t<\/div>\n\t\t\t\t<\/div>\n\t\t\t\t<\/div>\n\t\t\t\t<\/div>","protected":false},"excerpt":{"rendered":"<p>Opening hours Reception Reception Daily 7.30 \u2013 22.00 Sales Office Mon \u2013 Fri: 9.00 \u2013 16.00 Restaurant Our restaurant Bistro Riekko is open:Breakfast daily 08.00 &#8211; 10.30(breakfast is still served on 27th April)Dinner Mon-Sat 17.00 &#8211; 22.30 (last orders 22.00)Bar Mon &#8211; Sat17.00 &#8211; 22.30SEASONAL CLOSURES 2026\u00a0Riekko Lodge (accommodation, reception and restaurant services)Riekko Lodge is [&hellip;]<\/p>\n","protected":false},"author":1,"featured_media":0,"parent":0,"menu_order":0,"comment_status":"closed","ping_status":"closed","template":"","meta":{"footnotes":""},"class_list":["post-2209","page","type-page","status-publish","hentry"],"_links":{"self":[{"href":"https:\/\/riekkolodge.com\/fi\/wp-json\/wp\/v2\/pages\/2209","targetHints":{"allow":["GET"]}}],"collection":[{"href":"https:\/\/riekkolodge.com\/fi\/wp-json\/wp\/v2\/pages"}],"about":[{"href":"https:\/\/riekkolodge.com\/fi\/wp-json\/wp\/v2\/types\/page"}],"author":[{"embeddable":true,"href":"https:\/\/riekkolodge.com\/fi\/wp-json\/wp\/v2\/users\/1"}],"replies":[{"embeddable":true,"href":"https:\/\/riekkolodge.com\/fi\/wp-json\/wp\/v2\/comments?post=2209"}],"version-history":[{"count":58,"href":"https:\/\/riekkolodge.com\/fi\/wp-json\/wp\/v2\/pages\/2209\/revisions"}],"predecessor-version":[{"id":2696,"href":"https:\/\/riekkolodge.com\/fi\/wp-json\/wp\/v2\/pages\/2209\/revisions\/2696"}],"wp:attachment":[{"href":"https:\/\/riekkolodge.com\/fi\/wp-json\/wp\/v2\/media?parent=2209"}],"curies":[{"name":"wp","href":"https:\/\/api.w.org\/{rel}","templated":true}]}}